{"id":108553,"date":"2021-12-06T15:20:31","date_gmt":"2021-12-06T14:20:31","guid":{"rendered":"https:\/\/www.dzm-museum.de\/partner\/"},"modified":"2022-03-04T00:22:15","modified_gmt":"2022-03-03T23:22:15","slug":"partner","status":"publish","type":"page","link":"https:\/\/www.dzm-museum.de\/en\/partner\/","title":{"rendered":"Partner"},"content":{"rendered":"<div class=\"wpb-content-wrapper\"><p>[vc_row row_height_percent=&#8221;0&#8243; override_padding=&#8221;yes&#8221; h_padding=&#8221;2&#8243; top_padding=&#8221;3&#8243; bottom_padding=&#8221;3&#8243; overlay_alpha=&#8221;29&#8243; gutter_size=&#8221;3&#8243; column_width_percent=&#8221;100&#8243; shift_y=&#8221;0&#8243; z_index=&#8221;0&#8243; uncode_shortcode_id=&#8221;115040&#8243;][vc_column column_width_percent=&#8221;66&#8243; gutter_size=&#8221;3&#8243; overlay_alpha=&#8221;50&#8243; shift_x=&#8221;0&#8243; shift_y=&#8221;0&#8243; shift_y_down=&#8221;0&#8243; z_index=&#8221;0&#8243; medium_width=&#8221;0&#8243; mobile_width=&#8221;0&#8243; width=&#8221;2\/3&#8243; uncode_shortcode_id=&#8221;120631&#8243;][vc_custom_heading heading_semantic=&#8221;h4&#8243; text_size=&#8221;h5&#8243; text_weight=&#8221;700&#8243; text_height=&#8221;fontheight-357766&#8243; css_animation=&#8221;bottom-t-top&#8221; uncode_shortcode_id=&#8221;968487&#8243;]A further nine museums and museum-like institutions provide information about the past and present of German culture in Eastern and South-Eastern Europe. They are dedicated to the preservation, research and presentation of the cultural assets in these regions. The museums were set up by the federal, state and local governments on the basis of Section 96 of the Federal Expellees and Refugees Act.[\/vc_custom_heading][\/vc_column][\/vc_row][vc_row row_height_percent=&#8221;0&#8243; override_padding=&#8221;yes&#8221; h_padding=&#8221;2&#8243; top_padding=&#8221;1&#8243; bottom_padding=&#8221;3&#8243; overlay_alpha=&#8221;29&#8243; gutter_size=&#8221;3&#8243; column_width_percent=&#8221;100&#8243; shift_y=&#8221;0&#8243; z_index=&#8221;0&#8243; uncode_shortcode_id=&#8221;157508&#8243;][vc_column column_width_percent=&#8221;100&#8243; gutter_size=&#8221;4&#8243; overlay_alpha=&#8221;50&#8243; shift_x=&#8221;0&#8243; shift_y=&#8221;0&#8243; shift_y_down=&#8221;0&#8243; z_index=&#8221;0&#8243; medium_width=&#8221;0&#8243; mobile_width=&#8221;0&#8243; width=&#8221;1\/1&#8243; uncode_shortcode_id=&#8221;188819&#8243;][vc_row_inner row_inner_height_percent=&#8221;0&#8243; overlay_alpha=&#8221;50&#8243; gutter_size=&#8221;4&#8243; shift_y=&#8221;0&#8243; z_index=&#8221;0&#8243; limit_content=&#8221;&#8221; uncode_shortcode_id=&#8221;175772&#8243;][vc_column_inner column_width_percent=&#8221;66&#8243; gutter_size=&#8221;2&#8243; overlay_alpha=&#8221;50&#8243; shift_x=&#8221;0&#8243; shift_y=&#8221;0&#8243; shift_y_down=&#8221;0&#8243; z_index=&#8221;0&#8243; medium_width=&#8221;0&#8243; mobile_width=&#8221;0&#8243; width=&#8221;1\/1&#8243; uncode_shortcode_id=&#8221;203616&#8243;][vc_custom_heading heading_semantic=&#8221;h4&#8243; text_size=&#8221;h4&#8243; text_weight=&#8221;700&#8243; separator=&#8221;yes&#8221; uncode_shortcode_id=&#8221;798400&#8243;]You can find the facilities here[\/vc_custom_heading][uncode_list icon=&#8221;fa fa-arrow-right2&#8243; icon_color=&#8221;accent&#8221; uncode_shortcode_id=&#8221;670128&#8243; icon_color_type=&#8221;uncode-palette&#8221;]<\/p>\n<ul>\n<li><a href=\"http:\/\/www.kulturforum.info\/de\/\">German Cultural Forum for Eastern Europe<\/a><\/li>\n<li><a href=\"http:\/\/www.hausschlesien.de\">House of Silesia, K\u00f6nigswinter<\/a><\/li>\n<li><a href=\"http:\/\/www.ikgs.de\/\">Institute for German Culture and History of Southeast Europe eV<\/a><a href=\"http:\/\/www.hausschlesien.de\"><br \/>\n<\/a><\/li>\n<li><a href=\"http:\/\/www.kunstforum.net\">Art forum Ostdeutsche Galerie, Regensburg<br \/>\n<\/a><\/li>\n<li><a href=\"http:\/\/www.kulturzentrum-ostpreussen.de\">East Prussian Cultural Foundation, Ellingen<br \/>\n<\/a><\/li>\n<li><a href=\"http:\/\/www.oberschlesisches-landesmuseum.de\">Upper Silesian State Museum, Ratingen<br \/>\n<\/a><\/li>\n<li><a href=\"http:\/\/www.ostpreussisches-landesmuseum.de\">East Prussian State Museum, L\u00fcneburg<br \/>\n<\/a><\/li>\n<li><a href=\"http:\/\/www.pommersches-landesmuseum.de\">Pomeranian State Museum, Greifswald<br \/>\n<\/a><\/li>\n<li><a href=\"http:\/\/www.siebenbuergisches-museum.de\">Transylvanian Museum, Gundelsheim<\/a><a href=\"http:\/\/www.schlesisches-museum.de\"><br \/>\n<\/a><\/li>\n<li><a href=\"http:\/\/www.schlesisches-museum.de\">Silesian Museum, G\u00f6rlitz<br \/>\n<\/a><\/li>\n<li><a href=\"https:\/\/www.sudetendeutsches-museum.de\/\">Sudeten German Museum, Munich<\/a><\/li>\n<li><a href=\"http:\/\/www.westpreussisches-landesmuseum.de\">West Prussian State Museum, Warendorf<\/a><\/li>\n<\/ul>\n<p>[\/uncode_list][\/vc_column_inner][\/vc_row_inner][\/vc_column][\/vc_row][vc_row row_height_percent=&#8221;0&#8243; override_padding=&#8221;yes&#8221; h_padding=&#8221;2&#8243; top_padding=&#8221;2&#8243; bottom_padding=&#8221;2&#8243; back_color=&#8221;color-gyho&#8221; overlay_alpha=&#8221;50&#8243; gutter_size=&#8221;3&#8243; column_width_percent=&#8221;100&#8243; shift_y=&#8221;0&#8243; z_index=&#8221;0&#8243; uncode_shortcode_id=&#8221;152945&#8243; back_color_type=&#8221;uncode-palette&#8221;][vc_column column_width_percent=&#8221;100&#8243; position_vertical=&#8221;bottom&#8221; gutter_size=&#8221;3&#8243; overlay_alpha=&#8221;50&#8243; shift_x=&#8221;0&#8243; shift_y=&#8221;0&#8243; shift_y_down=&#8221;0&#8243; z_index=&#8221;0&#8243; medium_width=&#8221;0&#8243; mobile_width=&#8221;0&#8243; width=&#8221;1\/4&#8243; uncode_shortcode_id=&#8221;176148&#8243;][vc_custom_heading text_font=&#8221;font-377884&#8243; text_size=&#8221;h4&#8243; text_weight=&#8221;300&#8243; sub_lead=&#8221;small&#8221; uncode_shortcode_id=&#8221;350543&#8243;]Change of look[\/vc_custom_heading][vc_column_text uncode_shortcode_id=&#8221;122956&#8243;]In the film change of perspective. Germans in Eastern Europe, the German Cultural Forum Eastern Europe presents some of these establishments and institutions.[\/vc_column_text][\/vc_column][vc_column width=&#8221;3\/4&#8243;][vc_single_image media=&#8221;104829&#8243; media_width_percent=&#8221;100&#8243; uncode_shortcode_id=&#8221;974192&#8243;][\/vc_column][\/vc_row][vc_row row_height_percent=&#8221;0&#8243; override_padding=&#8221;yes&#8221; h_padding=&#8221;2&#8243; top_padding=&#8221;3&#8243; bottom_padding=&#8221;3&#8243; overlay_alpha=&#8221;29&#8243; gutter_size=&#8221;3&#8243; column_width_percent=&#8221;100&#8243; shift_y=&#8221;0&#8243; z_index=&#8221;0&#8243; uncode_shortcode_id=&#8221;114599&#8243;][vc_column column_width_percent=&#8221;100&#8243; gutter_size=&#8221;4&#8243; overlay_alpha=&#8221;50&#8243; shift_x=&#8221;0&#8243; shift_y=&#8221;0&#8243; shift_y_down=&#8221;0&#8243; z_index=&#8221;0&#8243; medium_width=&#8221;0&#8243; mobile_width=&#8221;0&#8243; width=&#8221;1\/1&#8243; uncode_shortcode_id=&#8221;188819&#8243;][vc_row_inner row_inner_height_percent=&#8221;0&#8243; overlay_alpha=&#8221;50&#8243; gutter_size=&#8221;4&#8243; shift_y=&#8221;0&#8243; z_index=&#8221;0&#8243; limit_content=&#8221;&#8221; uncode_shortcode_id=&#8221;175772&#8243;][vc_column_inner column_width_percent=&#8221;66&#8243; gutter_size=&#8221;2&#8243; overlay_alpha=&#8221;50&#8243; shift_x=&#8221;0&#8243; shift_y=&#8221;0&#8243; shift_y_down=&#8221;0&#8243; z_index=&#8221;0&#8243; medium_width=&#8221;0&#8243; mobile_width=&#8221;0&#8243; width=&#8221;1\/1&#8243; uncode_shortcode_id=&#8221;203616&#8243;][vc_custom_heading heading_semantic=&#8221;h4&#8243; text_size=&#8221;h4&#8243; text_weight=&#8221;700&#8243; separator=&#8221;yes&#8221; uncode_shortcode_id=&#8221;638346&#8243;]Partner institutions in Baden-W\u00fcrttemberg[\/vc_custom_heading][vc_column_text uncode_shortcode_id=&#8221;160872&#8243;]The state of Baden-W\u00fcrttemberg promotes cultural work in accordance with Section 96 BVFG in three of its own state cultural and research institutions with which the Danube Swabian Central Museum cooperates.[\/vc_column_text][uncode_list icon=&#8221;fa fa-arrow-right2&#8243; icon_color=&#8221;accent&#8221; uncode_shortcode_id=&#8221;349859&#8243; icon_color_type=&#8221;uncode-palette&#8221;]<\/p>\n<ul>\n<li><a href=\"http:\/\/www.hdhbw.de\">House of the home of the state of Baden-Wuerttemberg, Stuttgart<br \/>\n<\/a><\/li>\n<li><a href=\"http:\/\/www.idglbw.de\">Institute for Danube Swabian History and Regional Studies, T\u00fcbingen<br \/>\n<\/a><\/li>\n<li><a href=\"http:\/\/www.ivdebw.de\">Institute for Folklore of the Germans of Eastern Europe, Freiburg<\/a><\/li>\n<\/ul>\n<p>[\/uncode_list][vc_empty_space empty_h=&#8221;2&#8243;][vc_custom_heading heading_semantic=&#8221;h4&#8243; text_size=&#8221;h4&#8243; text_weight=&#8221;700&#8243; separator=&#8221;yes&#8221; uncode_shortcode_id=&#8221;233005&#8243;]International partner museums[\/vc_custom_heading][vc_column_text uncode_shortcode_id=&#8221;202802&#8243;]The Danube Swabian Central Museum is in close contact with museums in Hungary, Romania and Serbia and regularly carries out projects with them.[\/vc_column_text][uncode_list icon=&#8221;fa fa-arrow-right2&#8243; icon_color=&#8221;accent&#8221; uncode_shortcode_id=&#8221;209142&#8243; icon_color_type=&#8221;uncode-palette&#8221;]<\/p>\n<ul>\n<li><a href=\"http:\/\/www.jpm.hu\/\">Baranya Megyei M\u00fazeumok Igazgat\u00f3s\u00e1ga \/ Janus Pannonius M\u00fazeum, P\u00e9cs (Hungary)<br \/>\n<\/a><\/li>\n<li><a href=\"http:\/\/www.museumarad.ro\">Complexul Muzeul al Judetului Arad, Arad (Romania)<\/a><\/li>\n<li><a href=\"https:\/\/gms.rs\/\">Gradski Muzej Sombor<\/a><\/li>\n<li><a href=\"http:\/\/www.museumns.rs\">Muzej Grada Novog Sada, Petrovaradin (Republika Srbija)<br \/>\n<\/a><\/li>\n<li><a href=\"http:\/\/www.muzejvojvodine.org.rs\">Muzej Vojvodine, Novi Sad (Republika Srbija)<br \/>\n<\/a><\/li>\n<li><a href=\"http:\/\/www.muzeulbanatului.ro\">Muzeul Banatului, Timi\u015foara (Romania)<br \/>\n<\/a><\/li>\n<li><a href=\"http:\/\/www.muzeulbanatuluimontan.ro\/\">Muzeul Banatului Montan, Re\u015fi\u021ba (Romania)<br \/>\n<\/a><\/li>\n<li><a href=\"http:\/\/www.muzeusm.ro\">Muzeul Jude\u0163ean Satu Mare, Satu Mare (Romania)<br \/>\n<\/a><\/li>\n<li><a href=\"http:\/\/muzeulsatuluibanatean.ro\">Muzeul Satului Banatean, Timi\u015foara (Romania)<\/a><\/li>\n<\/ul>\n<p>[\/uncode_list][\/vc_column_inner][\/vc_row_inner][\/vc_column][\/vc_row]<\/p>\n<\/div>","protected":false},"excerpt":{"rendered":"<p>Related institutions<\/p>\n","protected":false},"author":1,"featured_media":112300,"parent":0,"menu_order":0,"comment_status":"closed","ping_status":"closed","template":"","meta":{"footnotes":""},"class_list":["post-108553","page","type-page","status-publish","has-post-thumbnail","hentry","page_category-about-us"],"_links":{"self":[{"href":"https:\/\/www.dzm-museum.de\/en\/wp-json\/wp\/v2\/pages\/108553","targetHints":{"allow":["GET"]}}],"collection":[{"href":"https:\/\/www.dzm-museum.de\/en\/wp-json\/wp\/v2\/pages"}],"about":[{"href":"https:\/\/www.dzm-museum.de\/en\/wp-json\/wp\/v2\/types\/page"}],"author":[{"embeddable":true,"href":"https:\/\/www.dzm-museum.de\/en\/wp-json\/wp\/v2\/users\/1"}],"replies":[{"embeddable":true,"href":"https:\/\/www.dzm-museum.de\/en\/wp-json\/wp\/v2\/comments?post=108553"}],"version-history":[{"count":18,"href":"https:\/\/www.dzm-museum.de\/en\/wp-json\/wp\/v2\/pages\/108553\/revisions"}],"predecessor-version":[{"id":112139,"href":"https:\/\/www.dzm-museum.de\/en\/wp-json\/wp\/v2\/pages\/108553\/revisions\/112139"}],"wp:featuredmedia":[{"embeddable":true,"href":"https:\/\/www.dzm-museum.de\/en\/wp-json\/wp\/v2\/media\/112300"}],"wp:attachment":[{"href":"https:\/\/www.dzm-museum.de\/en\/wp-json\/wp\/v2\/media?parent=108553"}],"curies":[{"name":"wp","href":"https:\/\/api.w.org\/{rel}","templated":true}]}}